{"id":6734,"date":"2024-05-22T16:08:55","date_gmt":"2024-05-22T16:08:55","guid":{"rendered":"https:\/\/jardinesvillaverde.com\/?page_id=6734"},"modified":"2024-05-29T08:22:28","modified_gmt":"2024-05-29T08:22:28","slug":"subvenciones-recibidas","status":"publish","type":"page","link":"https:\/\/jardinesvillaverde.com\/fr\/subvenciones-recibidas\/","title":{"rendered":"Subventions re\u00e7ues"},"content":{"rendered":"<div data-elementor-type=\"wp-page\" data-elementor-id=\"6734\" class=\"elementor elementor-6734\" data-elementor-post-type=\"page\">\n\t\t\t\t<div class=\"elementor-element elementor-element-53110a9 e-flex e-con-boxed e-con e-parent\" data-id=\"53110a9\" data-element_type=\"container\" data-e-type=\"container\">\n\t\t\t\t\t<div class=\"e-con-inner\">\n\t\t\t\t<div class=\"elementor-element elementor-element-282d5dc elementor-widget elementor-widget-heading\" data-id=\"282d5dc\" data-element_type=\"widget\" data-e-type=\"widget\" data-widget_type=\"heading.default\">\n\t\t\t\t<div class=\"elementor-widget-container\">\n\t\t\t\t\t<p class=\"elementor-heading-title elementor-size-default\">Subventions re\u00e7ues<\/p>\t\t\t\t<\/div>\n\t\t\t\t<\/div>\n\t\t\t\t<div class=\"elementor-element elementor-element-7ea67ad elementor-widget elementor-widget-heading\" data-id=\"7ea67ad\" data-element_type=\"widget\" data-e-type=\"widget\" data-widget_type=\"heading.default\">\n\t\t\t\t<div class=\"elementor-widget-container\">\n\t\t\t\t\t<p class=\"elementor-heading-title elementor-size-default\">La Casona de Villaverde S.L. a b\u00e9n\u00e9fici\u00e9 de la subvention suivante:<\/p>\t\t\t\t<\/div>\n\t\t\t\t<\/div>\n\t\t\t\t<div class=\"elementor-element elementor-element-0ff3ca4 elementor-widget elementor-widget-image\" data-id=\"0ff3ca4\" data-element_type=\"widget\" data-e-type=\"widget\" data-widget_type=\"image.default\">\n\t\t\t\t<div class=\"elementor-widget-container\">\n\t\t\t\t\t\t\t\t\t\t\t\t\t\t\t<img fetchpriority=\"high\" decoding=\"async\" width=\"800\" height=\"566\" src=\"https:\/\/jardinesvillaverde.com\/wp-content\/uploads\/2024\/05\/Subvencion-placas-solares-1024x724.jpeg\" class=\"attachment-large size-large wp-image-6738\" alt=\"\" srcset=\"https:\/\/jardinesvillaverde.com\/wp-content\/uploads\/2024\/05\/Subvencion-placas-solares-1024x724.jpeg 1024w, https:\/\/jardinesvillaverde.com\/wp-content\/uploads\/2024\/05\/Subvencion-placas-solares-300x212.jpeg 300w, https:\/\/jardinesvillaverde.com\/wp-content\/uploads\/2024\/05\/Subvencion-placas-solares-768x543.jpeg 768w, https:\/\/jardinesvillaverde.com\/wp-content\/uploads\/2024\/05\/Subvencion-placas-solares-1536x1086.jpeg 1536w, https:\/\/jardinesvillaverde.com\/wp-content\/uploads\/2024\/05\/Subvencion-placas-solares.jpeg 1755w\" sizes=\"(max-width: 800px) 100vw, 800px\" \/>\t\t\t\t\t\t\t\t\t\t\t\t\t\t\t<\/div>\n\t\t\t\t<\/div>\n\t\t\t\t\t<\/div>\n\t\t\t\t<\/div>\n\t\t<div class=\"elementor-element elementor-element-6ace901 e-flex e-con-boxed e-con e-parent\" data-id=\"6ace901\" data-element_type=\"container\" data-e-type=\"container\">\n\t\t\t\t\t<div class=\"e-con-inner\">\n\t\t\t\t<div class=\"elementor-element elementor-element-42aec1f elementor-widget elementor-widget-heading\" data-id=\"42aec1f\" data-element_type=\"widget\" data-e-type=\"widget\" data-widget_type=\"heading.default\">\n\t\t\t\t<div class=\"elementor-widget-container\">\n\t\t\t\t\t<h2 class=\"elementor-heading-title elementor-size-default\">Politique de transparence<\/h2>\t\t\t\t<\/div>\n\t\t\t\t<\/div>\n\t\t\t\t\t<\/div>\n\t\t\t\t<\/div>\n\t\t<div class=\"elementor-element elementor-element-9540fe6 e-flex e-con-boxed e-con e-parent\" data-id=\"9540fe6\" data-element_type=\"container\" data-e-type=\"container\">\n\t\t\t\t\t<div class=\"e-con-inner\">\n\t\t\t\t<div class=\"elementor-element elementor-element-b71905c elementor-widget elementor-widget-text-editor\" data-id=\"b71905c\" data-element_type=\"widget\" data-e-type=\"widget\" data-widget_type=\"text-editor.default\">\n\t\t\t\t<div class=\"elementor-widget-container\">\n\t\t\t\t\t\t\t\t\t<p>Conform\u00e9ment \u00e0 la loi 1\/2018 du 21 mars 2018 sur la transparence de l'activit\u00e9 publique, <strong>La Casona de Villaverde S.L.<\/strong> approuve les dispositions relatives \u00e0 la transparence de notre activit\u00e9 dans les articles suivants:<\/p><p><strong>Nous d\u00e9clarons qu'il n'y a pas de r\u00e9mun\u00e9rations et de compensations annuelles des titulaires des organes d'administration ou de direction.<\/strong><\/p><p>Article 28, paragraphe 6 :<\/p><p>\u00ab Les bases r\u00e9glementaires, les d\u00e9cisions d\u2019attribution ou les accords qui mettent en \u0153uvre l\u2019octroi de subventions ou d\u2019aides publiques doivent inclure l\u2019obligation de publier par les sujets de l\u2019article 6 de la pr\u00e9sente loi qui sont des personnes morales b\u00e9n\u00e9ficiant de subventions ou d\u2019aides publiques d\u2019un montant minimal de 10 000 euros, la r\u00e9mun\u00e9ration annuelle et l\u2019indemnisation des titulaires des organes d\u2019administration ou de direction, tels que le pr\u00e9sident, le secr\u00e9taire g\u00e9n\u00e9ral, le gestionnaire, le tr\u00e9sorier et le directeur technique, aux termes de l\u2019article 39.6 de la pr\u00e9sente loi. \u00bb<\/p><p>Article 39, paragraphe 6:<\/p><p>\u00ab Les sujets vis\u00e9s aux articles 5 et 6 de la pr\u00e9sente loi assurent la publication des informations auxquelles ils sont tenus par la pr\u00e9sente loi par l\u2019interm\u00e9diaire de leurs sites Internet dans une section sp\u00e9cifique sur la transparence, sans pr\u00e9judice des mesures de collaboration interadministrative qui, le cas \u00e9ch\u00e9ant, peuvent \u00eatre mises en \u0153uvre. S'ils ne disposent pas de leur propre site internet, ils le publient sur les sites internet des f\u00e9d\u00e9rations, organisations, associations ou groupes auxquels ils appartiennent. S\u2019ils ne disposent pas d\u2019un site internet, celui-ci doit \u00eatre communiqu\u00e9 \u00e0 l\u2019organisme octroyant la subvention ou l\u2019aide publique \u00e0 la publicit\u00e9. En cas de publication sur le portail de transparence de Cantabrie, l\u2019organisme d\u2019octroi transmet les informations \u00e0 l\u2019organisme vis\u00e9 \u00e0 l\u2019article 38 de la pr\u00e9sente loi. \u00bb<\/p>\t\t\t\t\t\t\t\t<\/div>\n\t\t\t\t<\/div>\n\t\t\t\t\t<\/div>\n\t\t\t\t<\/div>\n\t\t\t\t<\/div>","protected":false},"excerpt":{"rendered":"<p>Les subventions re\u00e7ues par La Casona de Villaverde S.L. ont b\u00e9n\u00e9fici\u00e9 de la subvention suivante: Conform\u00e9ment \u00e0 la loi 1\/2018, du 21 mars, sur la transparence de l'activit\u00e9 publique, La Casona de Villaverde S.L. souscrit aux dispositions sur la transparence de notre activit\u00e9 dans les articles suivants: \u00ab Nous d\u00e9clarons, pas [\u2026] \u00bb<\/p>","protected":false},"author":1,"featured_media":0,"parent":0,"menu_order":0,"comment_status":"closed","ping_status":"closed","template":"","meta":{"_seopress_robots_primary_cat":"","_seopress_titles_title":"","_seopress_titles_desc":"","_seopress_robots_index":"","footnotes":""},"class_list":["post-6734","page","type-page","status-publish","hentry"],"_links":{"self":[{"href":"https:\/\/jardinesvillaverde.com\/fr\/wp-json\/wp\/v2\/pages\/6734","targetHints":{"allow":["GET"]}}],"collection":[{"href":"https:\/\/jardinesvillaverde.com\/fr\/wp-json\/wp\/v2\/pages"}],"about":[{"href":"https:\/\/jardinesvillaverde.com\/fr\/wp-json\/wp\/v2\/types\/page"}],"author":[{"embeddable":true,"href":"https:\/\/jardinesvillaverde.com\/fr\/wp-json\/wp\/v2\/users\/1"}],"replies":[{"embeddable":true,"href":"https:\/\/jardinesvillaverde.com\/fr\/wp-json\/wp\/v2\/comments?post=6734"}],"version-history":[{"count":5,"href":"https:\/\/jardinesvillaverde.com\/fr\/wp-json\/wp\/v2\/pages\/6734\/revisions"}],"predecessor-version":[{"id":6764,"href":"https:\/\/jardinesvillaverde.com\/fr\/wp-json\/wp\/v2\/pages\/6734\/revisions\/6764"}],"wp:attachment":[{"href":"https:\/\/jardinesvillaverde.com\/fr\/wp-json\/wp\/v2\/media?parent=6734"}],"curies":[{"name":"wp","href":"https:\/\/api.w.org\/{rel}","templated":true}]}}