{"id":2754,"date":"2022-07-19T07:01:17","date_gmt":"2022-07-19T07:01:17","guid":{"rendered":"https:\/\/jardinesvillaverde.com\/?page_id=2754"},"modified":"2025-12-20T23:04:20","modified_gmt":"2025-12-20T23:04:20","slug":"politica-de-cookies","status":"publish","type":"page","link":"https:\/\/jardinesvillaverde.com\/fr\/politica-de-cookies\/","title":{"rendered":"Politique de cookies"},"content":{"rendered":"<div data-elementor-type=\"wp-page\" data-elementor-id=\"2754\" class=\"elementor elementor-2754\" data-elementor-post-type=\"page\">\n\t\t\t\t\t\t<section class=\"elementor-section elementor-top-section elementor-element elementor-element-c221ffa elementor-section-boxed elementor-section-height-default elementor-section-height-default\" data-id=\"c221ffa\" data-element_type=\"section\" data-e-type=\"section\">\n\t\t\t\t\t\t<div class=\"elementor-container elementor-column-gap-default\">\n\t\t\t\t\t<div class=\"elementor-column elementor-col-100 elementor-top-column elementor-element elementor-element-91090a8\" data-id=\"91090a8\" data-element_type=\"column\" data-e-type=\"column\">\n\t\t\t<div class=\"elementor-widget-wrap elementor-element-populated\">\n\t\t\t\t\t\t<section class=\"elementor-section elementor-inner-section elementor-element elementor-element-045714a elementor-section-height-default elementor-section-boxed elementor-section-height-default\" data-id=\"045714a\" data-element_type=\"section\" data-e-type=\"section\">\n\t\t\t\t\t\t<div class=\"elementor-container elementor-column-gap-default\">\n\t\t\t\t\t<div class=\"elementor-column elementor-col-100 elementor-top-column elementor-element elementor-element-f590805\" data-id=\"f590805\" data-element_type=\"column\" data-e-type=\"column\">\n\t\t\t<div class=\"elementor-widget-wrap elementor-element-populated\">\n\t\t\t\t\t\t<div class=\"elementor-element elementor-element-ee3e1a3 elementor-widget elementor-widget-heading\" data-id=\"ee3e1a3\" data-element_type=\"widget\" data-e-type=\"widget\" data-widget_type=\"heading.default\">\n\t\t\t\t<div class=\"elementor-widget-container\">\n\t\t\t\t\t<h1 class=\"elementor-heading-title elementor-size-default\">Politique de cookies<\/h1>\t\t\t\t<\/div>\n\t\t\t\t<\/div>\n\t\t\t\t\t<\/div>\n\t\t<\/div>\n\t\t\t\t\t<\/div>\n\t\t<\/section>\n\t\t\t\t\t<\/div>\n\t\t<\/div>\n\t\t\t\t\t<\/div>\n\t\t<\/section>\n\t\t\t\t<section class=\"elementor-section elementor-top-section elementor-element elementor-element-7d2da46 elementor-section-boxed elementor-section-height-default elementor-section-height-default\" data-id=\"7d2da46\" data-element_type=\"section\" data-e-type=\"section\">\n\t\t\t\t\t\t<div class=\"elementor-container elementor-column-gap-default\">\n\t\t\t\t\t<div class=\"elementor-column elementor-col-100 elementor-top-column elementor-element elementor-element-40ced8f\" data-id=\"40ced8f\" data-element_type=\"column\" data-e-type=\"column\">\n\t\t\t<div class=\"elementor-widget-wrap elementor-element-populated\">\n\t\t\t\t\t\t<div class=\"elementor-element elementor-element-6cd009a elementor-widget elementor-widget-shortcode\" data-id=\"6cd009a\" data-element_type=\"widget\" data-e-type=\"widget\" data-widget_type=\"shortcode.default\">\n\t\t\t\t<div class=\"elementor-widget-container\">\n\t\t\t\t\t\t\t<div class=\"elementor-shortcode\">[Mhcookie _cookies]<\/div>\n\t\t\t\t\t\t<\/div>\n\t\t\t\t<\/div>\n\t\t\t\t<section class=\"elementor-section elementor-inner-section elementor-element elementor-element-6fe4eb9 elementor-section-height-default elementor-section-boxed elementor-section-height-default\" data-id=\"6fe4eb9\" data-element_type=\"section\" data-e-type=\"section\">\n\t\t\t\t\t\t<div class=\"elementor-container elementor-column-gap-default\">\n\t\t\t\t\t<div class=\"elementor-column elementor-col-100 elementor-top-column elementor-element elementor-element-9ad2941\" data-id=\"9ad2941\" data-element_type=\"column\" data-e-type=\"column\">\n\t\t\t<div class=\"elementor-widget-wrap elementor-element-populated\">\n\t\t\t\t\t\t<div class=\"elementor-element elementor-element-d56f584 elementor-widget elementor-widget-text-editor\" data-id=\"d56f584\" data-element_type=\"widget\" data-e-type=\"widget\" data-widget_type=\"text-editor.default\">\n\t\t\t\t<div class=\"elementor-widget-container\">\n\t\t\t\t\t\t\t\t\t<p>Conform\u00e9ment aux dispositions de la loi 34\/2002 sur les services de la soci\u00e9t\u00e9 de l'information, je vous informe que le site <strong>www.jardinesvillaverde.com<\/strong>, utilise des cookies. Les cookies sont de petits fichiers texte du site Web qui, en tant qu'utilisateur visiteur, sont stock\u00e9s sur votre ordinateur ou votre appareil.<\/p><p>Ci-dessous, nous d\u00e9taillons les diff\u00e9rents types de cookies que vous utilisez <strong>www.jardinesvillaverde.com<\/strong>:<\/p>\t\t\t\t\t\t\t\t<\/div>\n\t\t\t\t<\/div>\n\t\t\t\t<div class=\"elementor-element elementor-element-75271e3 elementor-widget elementor-widget-text-editor\" data-id=\"75271e3\" data-element_type=\"widget\" data-e-type=\"widget\" data-widget_type=\"text-editor.default\">\n\t\t\t\t<div class=\"elementor-widget-container\">\n\t\t\t\t\t\t\t\t\t<p><strong>i) Cookies propres:<\/strong> sont ceux qui sont envoy\u00e9s \u00e0 l'\u00e9quipement terminal de l'utilisateur \u00e0 partir d'un ordinateur ou d'un domaine g\u00e9r\u00e9 par l'\u00e9diteur lui-m\u00eame et \u00e0 partir duquel le service demand\u00e9 par l'utilisateur est fourni.<\/p><p style=\"padding-left: 40px;\"><strong>a) Cookies de session:<\/strong> N\u00e9cessaire pour une utilisation correcte du site Web, une navigation ininterrompue m\u00e9morisant les options de langue ou de pays. Ils sont utilis\u00e9s pour identifier la m\u00eame session temporaire d'un utilisateur ou d'une session de navigation.<\/p><p style=\"padding-left: 40px;\"><strong>b) Cookies techniques:<\/strong> Ils stockent des informations g\u00e9n\u00e9riques et anonymes qui n'incluent pas de donn\u00e9es personnelles dont l'objectif est de garantir le fonctionnement du site Web.<\/p><p style=\"padding-left: 40px;\"><strong>c) Inscription :<\/strong> Ils sont cr\u00e9\u00e9s avec l'enregistrement d'un utilisateur (log-in). Ils sont utilis\u00e9s pour identifier l'utilisateur une fois qu'il s'est authentifi\u00e9 sur les sites Web.<\/p>\t\t\t\t\t\t\t\t<\/div>\n\t\t\t\t<\/div>\n\t\t\t\t<div class=\"elementor-element elementor-element-9576f0b elementor-widget elementor-widget-text-editor\" data-id=\"9576f0b\" data-element_type=\"widget\" data-e-type=\"widget\" data-widget_type=\"text-editor.default\">\n\t\t\t\t<div class=\"elementor-widget-container\">\n\t\t\t\t\t\t\t\t\t<p><strong>ii)Cookies tiers:<\/strong> Notre site Web peut contenir des cookies tiers visant \u00e0 offrir un meilleur service que ces tiers offrent. Un exemple de cette utilisation est les liens vers les r\u00e9seaux sociaux qui permettent de partager le contenu du site Web.<\/p><p style=\"padding-left: 40px;\"><strong>a) Cookies analytiques:<\/strong> sont ceux qui, trait\u00e9s par notre site Web ou par des tiers, nous permettent de quantifier le nombre de visiteurs et d'analyser statistiquement l'utilisation faite par les utilisateurs du portail Web. Les informations collect\u00e9es par ce type de cookies sont utilis\u00e9es dans la mesure de l'activit\u00e9 du site Web et pour l'\u00e9laboration de profils de navigation anonymis\u00e9s des utilisateurs, afin d'introduire des am\u00e9liorations bas\u00e9es sur l'analyse des donn\u00e9es d'utilisation effectu\u00e9es par les utilisateurs du service:<\/p><ul><li style=\"list-style-type: none;\"><ul><li>Google Analitycs: <a href=\"https:\/\/www.google.com\/policies\/privacy\/\">https:\/\/www.google.com\/policies\/privacy\/<\/a><\/li><\/ul><\/li><\/ul><p>\u00a0<\/p><p style=\"padding-left: 40px;\"><strong>b) Cookies de m\u00e9dias sociaux:<\/strong><\/p><ul><li style=\"list-style-type: none;\"><ul><li>Gravatar : Le Gravatar est une image de l'utilisateur qui le suit d'un site Web \u00e0 l'autre, apparaissant \u00e0 c\u00f4t\u00e9 de son nom lorsqu'il effectue des actions telles que commenter sur un blog ou lorsque l'utilisateur se connecte en tant qu'utilisateur enregistr\u00e9 (connect\u00e9) sur le site Web. Les cookies sont stock\u00e9s pour g\u00e9rer les ic\u00f4nes li\u00e9es aux profils et aux utilisateurs de ce service: <a href=\"https:\/\/automattic.com\/privacy\/\">https:\/\/automattic.com\/privacy\/<\/a><\/li><\/ul><\/li><\/ul><p>\u00a0<\/p><p style=\"padding-left: 40px;\"><strong>c) Cookies provenant de r\u00e9seaux sociaux externes:<\/strong> sont utilis\u00e9s pour que les visiteurs puissent interagir avec le contenu de diff\u00e9rentes plateformes sociales (Facebook, YouTube, Twitter, LinkedIn, Instagram, etc.) et sont g\u00e9n\u00e9r\u00e9s uniquement pour les utilisateurs de ces r\u00e9seaux sociaux. Les conditions d'utilisation de ces cookies et les informations collect\u00e9es sont r\u00e9gies par la politique de confidentialit\u00e9 de la plate-forme sociale correspondante.<\/p><ul><li style=\"list-style-type: none;\"><ul><li><a href=\"https:\/\/www.google.com\/intl\/es_es\/policies\/technologies\/types\/\">https:\/\/www.google.com\/intl\/es_es\/policies\/technologies\/types\/<\/a><\/li><li><a href=\"https:\/\/www.facebook.com\/help\/cookies\/\">https:\/\/www.facebook.com\/help\/cookies\/<\/a><\/li><li><a href=\"https:\/\/www.instagram.com\/legal\/cookies\/\">https:\/\/www.instagram.com\/legal\/cookies\/<\/a><\/li><\/ul><\/li><\/ul>\t\t\t\t\t\t\t\t<\/div>\n\t\t\t\t<\/div>\n\t\t\t\t<div class=\"elementor-element elementor-element-698a1b1 elementor-widget elementor-widget-text-editor\" data-id=\"698a1b1\" data-element_type=\"widget\" data-e-type=\"widget\" data-widget_type=\"text-editor.default\">\n\t\t\t\t<div class=\"elementor-widget-container\">\n\t\t\t\t\t\t\t\t\t<p>Plus pr\u00e9cis\u00e9ment, ce site utilise les cookies inclus dans l'inventaire mis \u00e0 jour.<\/p><p>Si vous souhaitez modifier les param\u00e8tres des cookies du navigateur, vous pouvez le faire en configurant les options du navigateur. Vous trouverez des informations sur la fa\u00e7on de modifier les politiques de cookies des diff\u00e9rents navigateurs dans les espaces suivants:<\/p><p style=\"padding-left: 40px;\">i) Pour Microsoft Internet Explorer: https:\/\/support.microsoft.com\/en-en\/help\/17442\/windows-internet-explorer-delete-manage-cookies<\/p><p style=\"padding-left: 40px;\">ii) Pour Firefox: <a href=\"https:\/\/support.mozilla.org\/es\/kb\/habilitar-y-deshabilitar-cookies-sitios-web-rastrear-preferencias\">https:\/\/support.mozilla.org\/es\/kb\/habilitar-y-deshabilitar-cookies-sitios-web-rastrear-preferencias<\/a><\/p><p style=\"padding-left: 40px;\">iii) Pour Safari: <a href=\"https:\/\/support.apple.com\/kb\/PH19214?viewlocale=es_ES&amp;locale=es_ES\">https:\/\/support.apple.com\/kb\/PH19214?viewlocale=es_ES&amp;locale=es_ES<\/a><\/p><p style=\"padding-left: 40px;\">iv) Pour Google Chrome: <a href=\"https:\/\/support.google.com\/chrome\/bin\/answer.py?hl=es&amp;answer=95647\">https:\/\/support.google.com\/chrome\/bin\/answer.py?hl=es&amp;answer=95647<\/a> <\/p>\t\t\t\t\t\t\t\t<\/div>\n\t\t\t\t<\/div>\n\t\t\t\t<div class=\"elementor-element elementor-element-7603bf1 elementor-widget elementor-widget-text-editor\" data-id=\"7603bf1\" data-element_type=\"widget\" data-e-type=\"widget\" data-widget_type=\"text-editor.default\">\n\t\t\t\t<div class=\"elementor-widget-container\">\n\t\t\t\t\t\t\t\t\t<p>Il existe des outils tiers, disponibles en ligne, qui permettent aux utilisateurs de d\u00e9tecter les cookies sur chaque site Web qu'ils visitent et de g\u00e9rer leur d\u00e9sactivation. Les navigateurs Web sont les outils charg\u00e9s de stocker les cookies et \u00e0 partir de cet endroit, l'utilisateur peut exercer son droit de les supprimer ou de les d\u00e9sactiver. Ni ce site Web ni ses repr\u00e9sentants l\u00e9gaux ne peuvent garantir la manipulation correcte ou incorrecte des cookies par les navigateurs susmentionn\u00e9s. Nous vous informons que si vous ne souhaitez pas que les sites Web placent des cookies sur votre ordinateur, vous pouvez adapter les param\u00e8tres de votre navigateur afin que vous soyez averti avant que des cookies ne soient plac\u00e9s. De m\u00eame, vous pouvez adapter les param\u00e8tres de sorte que le navigateur rejette tous les cookies, ou seulement les cookies tiers. Si vous rencontrez ces types de cookies sur ce site Web et qu'ils ne sont pas r\u00e9pertori\u00e9s dans la liste ci-dessus, veuillez nous le faire savoir.<\/p><p>L'acceptation de cette politique de cookies implique qu'en tant qu'utilisateur, vous avez \u00e9t\u00e9 inform\u00e9 de mani\u00e8re claire et compl\u00e8te de l'utilisation des dispositifs de stockage et de r\u00e9cup\u00e9ration de donn\u00e9es (cookies) et que ce site Web a votre consentement \u00e0 leur utilisation conform\u00e9ment \u00e0 la r\u00e9glementation. Si vous avez des questions sur la politique de cookies du site Web, vous pouvez contacter: info@jardinesvillaverde.com<\/p><p>Si vous souhaitez en savoir plus sur ce que sont les cookies, vous pouvez acc\u00e9der dans ce lien au guide des cookies \u00e9dit\u00e9 par l'Agence espagnole de protection des donn\u00e9es.: <a href=\"https:\/\/www.aepd.es\/sites\/default\/files\/2020-07\/guia-cookies.pdf\">https:\/\/www.aepd.es\/sites\/default\/files\/2020-07\/guia-cookies.pdf<\/a><\/p>\t\t\t\t\t\t\t\t<\/div>\n\t\t\t\t<\/div>\n\t\t\t\t\t<\/div>\n\t\t<\/div>\n\t\t\t\t\t<\/div>\n\t\t<\/section>\n\t\t\t\t\t<\/div>\n\t\t<\/div>\n\t\t\t\t\t<\/div>\n\t\t<\/section>\n\t\t\t\t<\/div>","protected":false},"excerpt":{"rendered":"<p>Politique de cookies [mhcookie_cookies] Conform\u00e9ment aux dispositions de la loi 34\/2002 sur les services de la soci\u00e9t\u00e9 de l'information, je vous informe que le site www.jardinesvillaverde.com, utilise des cookies. Les cookies sont de petits fichiers texte du site Web qui, en tant qu'utilisateur visiteur, sont stock\u00e9s sur votre ordinateur ou votre appareil. Ensuite, nous proc\u00e9dons [\u2026]<\/p>","protected":false},"author":1,"featured_media":0,"parent":0,"menu_order":0,"comment_status":"closed","ping_status":"closed","template":"","meta":{"_seopress_robots_primary_cat":"","_seopress_titles_title":"","_seopress_titles_desc":"","_seopress_robots_index":"","footnotes":""},"class_list":["post-2754","page","type-page","status-publish","hentry"],"_links":{"self":[{"href":"https:\/\/jardinesvillaverde.com\/fr\/wp-json\/wp\/v2\/pages\/2754","targetHints":{"allow":["GET"]}}],"collection":[{"href":"https:\/\/jardinesvillaverde.com\/fr\/wp-json\/wp\/v2\/pages"}],"about":[{"href":"https:\/\/jardinesvillaverde.com\/fr\/wp-json\/wp\/v2\/types\/page"}],"author":[{"embeddable":true,"href":"https:\/\/jardinesvillaverde.com\/fr\/wp-json\/wp\/v2\/users\/1"}],"replies":[{"embeddable":true,"href":"https:\/\/jardinesvillaverde.com\/fr\/wp-json\/wp\/v2\/comments?post=2754"}],"version-history":[{"count":5,"href":"https:\/\/jardinesvillaverde.com\/fr\/wp-json\/wp\/v2\/pages\/2754\/revisions"}],"predecessor-version":[{"id":7337,"href":"https:\/\/jardinesvillaverde.com\/fr\/wp-json\/wp\/v2\/pages\/2754\/revisions\/7337"}],"wp:attachment":[{"href":"https:\/\/jardinesvillaverde.com\/fr\/wp-json\/wp\/v2\/media?parent=2754"}],"curies":[{"name":"wp","href":"https:\/\/api.w.org\/{rel}","templated":true}]}}